{"id":8602,"date":"2023-08-14T22:32:38","date_gmt":"2023-08-14T19:32:38","guid":{"rendered":"https:\/\/fondavetiye.com\/?post_type=product&#038;p=8602"},"modified":"2024-05-02T12:45:26","modified_gmt":"2024-05-02T09:45:26","slug":"fon8441","status":"publish","type":"product","link":"https:\/\/fondavetiye.com\/index.php\/product\/fon8441\/","title":{"rendered":"FON8441"},"content":{"rendered":"<p style=\"font-weight: 400;\">*Davetiye fiyatlar\u0131m\u0131z 100 adet i\u00e7in ge\u00e7erlidir.<\/p>\n<p style=\"font-weight: 400;\">*Davetiye fiyat\u0131na kutu, davetiye aksesuarlar\u0131 ve zarf dahildir.<\/p>\n<p style=\"font-weight: 400;\">*Davetiye fiyatlar\u0131m\u0131z T\u00fcrkiye i\u00e7in ge\u00e7erli sat\u0131\u015f fiyat\u0131d\u0131r.<\/p>\n<p style=\"font-weight: 400;\">*Davetiyelerimize\u00a0<u>(Ofset, Varak Yald\u0131z ve Serigraf Boya<\/u>) bask\u0131 tekniklerinden herhangi biri uygulanmakta olup, se\u00e7ti\u011finiz davetiyeye uygun olan bask\u0131 tekni\u011fi ve fiyat\u0131 size ayr\u0131ca bildirilecektir.<\/p>\n<p style=\"font-weight: 400;\">*Davetiyelerde kullan\u0131lan ka\u011f\u0131t ve bask\u0131 teknikleri nedeni ile olu\u015fabilecek ton farkl\u0131l\u0131klar\u0131 hata de\u011fildir.<\/p>\n<p style=\"font-weight: 400;\">*\u00dcr\u00fcnlere ait p\u00fcsk\u00fcl, kurdele, yap\u0131\u015ft\u0131rma vb. gibi i\u015flemlerin yap\u0131lmas\u0131 ta\u015f\u0131ma esnas\u0131nda zarar g\u00f6rmemesi a\u00e7\u0131s\u0131ndan m\u00fc\u015fteriye aittir.<\/p>\n<p style=\"font-weight: 400;\">*De\u011ferli m\u00fc\u015fterimiz l\u00fctfen sipari\u015finizi sipari\u015f ver butonundan veya online m\u00fc\u015fteri temsilcimizle g\u00f6r\u00fc\u015ferek olu\u015fturunuz.<\/p>\n<p style=\"font-weight: 400;\">*Davetiye sipari\u015fleriniz de, davetiye bilgileriniz bize ula\u015ft\u0131ktan sonra (davetiye vekt\u00f6rel g\u00f6r\u00fcnt\u00fcs\u00fcyle) bask\u0131 tasla\u011f\u0131 haz\u0131rlan\u0131r. Sizden bask\u0131 i\u00e7in onay al\u0131n\u0131r. Onay\u0131n\u0131z al\u0131nmadan kesinlikle bask\u0131 a\u015famas\u0131na ge\u00e7ilmez<\/p>\n<p style=\"font-weight: 400;\">*7\/24 Online m\u00fc\u015fteri temsilcimiz size yard\u0131mc\u0131 olmak, t\u00fcm sorular\u0131n\u0131za yan\u0131t vermek i\u00e7in burada&#8230;<\/p>\n","protected":false},"excerpt":{"rendered":"<p>*Davetiye fiyatlar\u0131m\u0131z 100 adet i\u00e7in ge\u00e7erlidir. *Davetiye fiyat\u0131na kutu, davetiye aksesuarlar\u0131 ve zarf dahildir. *Davetiye fiyatlar\u0131m\u0131z T\u00fcrkiye i\u00e7in ge\u00e7erli sat\u0131\u015f fiyat\u0131d\u0131r. *Davetiyelerimize\u00a0(Ofset, Varak Yald\u0131z ve Serigraf Boya) bask\u0131 tekniklerinden herhangi biri uygulanmakta olup, se\u00e7ti\u011finiz davetiyeye uygun olan bask\u0131 tekni\u011fi ve fiyat\u0131 size ayr\u0131ca bildirilecektir. *Davetiyelerde kullan\u0131lan ka\u011f\u0131t ve bask\u0131 teknikleri nedeni ile olu\u015fabilecek ton farkl\u0131l\u0131klar\u0131 [&hellip;]<\/p>\n","protected":false},"featured_media":8613,"comment_status":"open","ping_status":"closed","template":"","meta":{"om_disable_all_campaigns":false,"_monsterinsights_skip_tracking":false,"_monsterinsights_sitenote_active":false,"_monsterinsights_sitenote_note":"","_monsterinsights_sitenote_category":0,"_uf_show_specific_survey":0,"_uf_disable_surveys":false,"site-sidebar-layout":"default","site-content-layout":"default","ast-site-content-layout":"default","site-content-style":"default","site-sidebar-style":"default","ast-global-header-display":"","ast-banner-title-visibility":"","ast-main-header-display":"","ast-hfb-above-header-display":"","ast-hfb-below-header-display":"","ast-hfb-mobile-header-display":"","site-post-title":"","ast-breadcrumbs-content":"","ast-featured-img":"","footer-sml-layout":"","theme-transparent-header-meta":"default","adv-header-id-meta":"","stick-header-meta":"","header-above-stick-meta":"","header-main-stick-meta":"","header-below-stick-meta":"","astra-migrate-meta-layouts":"set","ast-page-background-enabled":"default","ast-page-background-meta":{"desktop":{"background-color":"","background-image":"","background-repeat":"repeat","background-position":"center center","background-size":"auto","background-attachment":"scroll","background-type":"","background-media":"","overlay-type":"","overlay-color":"","overlay-opacity":"","overlay-gradient":""},"tablet":{"background-color":"","background-image":"","background-repeat":"repeat","background-position":"center center","background-size":"auto","background-attachment":"scroll","background-type":"","background-media":"","overlay-type":"","overlay-color":"","overlay-opacity":"","overlay-gradient":""},"mobile":{"background-color":"","background-image":"","background-repeat":"repeat","background-position":"center center","background-size":"auto","background-attachment":"scroll","background-type":"","background-media":"","overlay-type":"","overlay-color":"","overlay-opacity":"","overlay-gradient":""}},"ast-content-background-meta":{"desktop":{"background-color":"var(--ast-global-color-5)","background-image":"","background-repeat":"repeat","background-position":"center center","background-size":"auto","background-attachment":"scroll","background-type":"","background-media":"","overlay-type":"","overlay-color":"","overlay-opacity":"","overlay-gradient":""},"tablet":{"background-color":"var(--ast-global-color-5)","background-image":"","background-repeat":"repeat","background-position":"center center","background-size":"auto","background-attachment":"scroll","background-type":"","background-media":"","overlay-type":"","overlay-color":"","overlay-opacity":"","overlay-gradient":""},"mobile":{"background-color":"var(--ast-global-color-5)","background-image":"","background-repeat":"repeat","background-position":"center center","background-size":"auto","background-attachment":"scroll","background-type":"","background-media":"","overlay-type":"","overlay-color":"","overlay-opacity":"","overlay-gradient":""}}},"product_cat":[73],"product_tag":[81],"class_list":{"0":"post-8602","1":"product","2":"type-product","3":"status-publish","4":"has-post-thumbnail","6":"product_cat-orkide","7":"product_tag-orkide","8":"desktop-align-left","9":"tablet-align-left","10":"mobile-align-left","12":"first","13":"instock","14":"taxable","15":"shipping-taxable","16":"purchasable","17":"product-type-variable"},"aioseo_notices":[],"jetpack_sharing_enabled":true,"_links":{"self":[{"href":"https:\/\/fondavetiye.com\/index.php\/wp-json\/wp\/v2\/product\/8602"}],"collection":[{"href":"https:\/\/fondavetiye.com\/index.php\/wp-json\/wp\/v2\/product"}],"about":[{"href":"https:\/\/fondavetiye.com\/index.php\/wp-json\/wp\/v2\/types\/product"}],"replies":[{"embeddable":true,"href":"https:\/\/fondavetiye.com\/index.php\/wp-json\/wp\/v2\/comments?post=8602"}],"wp:featuredmedia":[{"embeddable":true,"href":"https:\/\/fondavetiye.com\/index.php\/wp-json\/wp\/v2\/media\/8613"}],"wp:attachment":[{"href":"https:\/\/fondavetiye.com\/index.php\/wp-json\/wp\/v2\/media?parent=8602"}],"wp:term":[{"taxonomy":"product_cat","embeddable":true,"href":"https:\/\/fondavetiye.com\/index.php\/wp-json\/wp\/v2\/product_cat?post=8602"},{"taxonomy":"product_tag","embeddable":true,"href":"https:\/\/fondavetiye.com\/index.php\/wp-json\/wp\/v2\/product_tag?post=8602"}],"curies":[{"name":"wp","href":"https:\/\/api.w.org\/{rel}","templated":true}]}}