{"id":15594,"date":"2024-06-01T12:13:12","date_gmt":"2024-06-01T09:13:12","guid":{"rendered":"https:\/\/fondavetiye.com\/?post_type=product&#038;p=15594"},"modified":"2024-08-08T15:11:41","modified_gmt":"2024-08-08T12:11:41","slug":"fon171-2","status":"publish","type":"product","link":"https:\/\/fondavetiye.com\/index.php\/product\/fon171-2\/","title":{"rendered":"FON171"},"content":{"rendered":"<p>\u2714 Davetiye Ebat\u0131 &#8220;14*28&#8221; DIR.<br \/>\n\u2714 WHATSAPP Sipari\u015f:<br \/>\n\u2714 Bask\u0131 Dahil<br \/>\n\u2714 \u00dccretsiz Numunelerde Kargo \u00dccreti Al\u0131c\u0131ya aittir.<br \/>\n\u2714 Fatural\u0131 \u00dcr\u00fcn<br \/>\n\u2714%100 M\u00fc\u015fteri Memnuniyeti.<br \/>\n\u2714 \u00d6rnek Tasar\u0131m Whatsapp tan G\u00f6nderilir ve Onay\u0131n\u0131zdan sonra Bask\u0131 yap\u0131l\u0131r.<br \/>\n\u2714 Binlerce Modelimiz i\u00e7in bizi takipte kal\u0131n..<\/p>\n<p>\u2714 Teslimat S\u00fcresi 3-5 \u0130\u015f G\u00fcn\u00fc Aras\u0131ndad\u0131r.<\/p>\n<p>*Davetiyelerde kullan\u0131lan ka\u011f\u0131t ve bask\u0131 teknikleri nedeni ile olu\u015fabilecek ton farkl\u0131l\u0131klar\u0131 hata de\u011fildir.<\/p>\n<p>*Davetiye fiyatlar\u0131m\u0131z 50 adet i\u00e7in ge\u00e7erlidir.<\/p>\n<p>*Davetiye fiyat\u0131na\u00a0 davetiye aksesuarlar\u0131 ve zarf dahildir.<\/p>\n<p>*De\u011ferli m\u00fc\u015fterimiz l\u00fctfen sipari\u015finizi sipari\u015f ver butonundan veya online m\u00fc\u015fteri temsilcimizle g\u00f6r\u00fc\u015ferek olu\u015fturunuz.<\/p>\n<p>*Davetiye sipari\u015fleriniz de, davetiye bilgileriniz bize ula\u015ft\u0131ktan sonra bask\u0131 tasla\u011f\u0131 haz\u0131rlan\u0131r. Sizden bask\u0131 i\u00e7in onay al\u0131n\u0131r. Onay\u0131n\u0131z al\u0131nmadan kesinlikle bask\u0131 a\u015famas\u0131na ge\u00e7ilmez.<\/p>\n","protected":false},"excerpt":{"rendered":"<p>\u2022 Ka\u011f\u0131t: 14\u00d728 cm 230gr Amerikan Bristol (Kartpostal Ka\u011f\u0131d\u0131)<\/p>\n<p>&nbsp;<\/p>\n<p>&nbsp;<\/p>\n<p style=\"text-align: center;\"><strong>50 Adet&nbsp; <span style=\"color: #ff0000;\">200\u20ba<\/span>&nbsp; &nbsp; &nbsp;&nbsp; &nbsp; &nbsp; 500 Adet&nbsp; <span style=\"color: #ff0000;\">450\u20ba<\/span><\/strong><\/p>\n<hr>\n<p style=\"text-align: center;\"><strong>100 Adet&nbsp;<span style=\"color: #ff0000;\"> 250\u20ba&nbsp;<\/span> &nbsp; &nbsp;&nbsp; &nbsp; &nbsp; 600 Adet&nbsp; <span style=\"color: #ff0000;\">500\u20ba<\/span><\/strong><\/p>\n<hr>\n<p style=\"text-align: center;\"><strong>200 Adet&nbsp; <span style=\"color: #ff0000;\">300\u20ba&nbsp;<\/span> &nbsp; &nbsp;&nbsp; &nbsp; &nbsp; 700 Adet&nbsp; <span style=\"color: #ff0000;\">550\u20ba<\/span><\/strong><\/p>\n<hr>\n<p style=\"text-align: center;\"><strong>300 Adet&nbsp; <span style=\"color: #ff0000;\">350\u20ba <\/span>&nbsp; &nbsp; &nbsp; &nbsp; &nbsp;800 Adet&nbsp; <span style=\"color: #ff0000;\">600\u20ba<\/span><\/strong><\/p>\n<hr>\n<p style=\"text-align: center;\"><strong>400 Adet&nbsp; <span style=\"color: #ff0000;\">400\u20ba&nbsp;<\/span> &nbsp; &nbsp;&nbsp; &nbsp; &nbsp;900 Adet&nbsp; <span style=\"color: #ff0000;\">650\u20ba<\/span><\/strong><\/p>\n<hr>\n<p style=\"text-align: center;\"><strong>1000 Adet&nbsp;<span style=\"color: #ff0000;\"> 700\u20ba<\/span><\/strong><\/p>\n<p><strong>1.000 Adet Ve \u00dczeri Sipari\u015flerde <span style=\"text-decoration: underline;\"><span style=\"color: #ff0000; text-decoration: underline;\">\u00dccretsiz Kargo<\/span><\/span><\/strong><\/p>\n<p>&nbsp;<\/p>\n","protected":false},"featured_media":15606,"comment_status":"open","ping_status":"closed","template":"","meta":{"om_disable_all_campaigns":false,"_monsterinsights_skip_tracking":false,"_monsterinsights_sitenote_active":false,"_monsterinsights_sitenote_note":"","_monsterinsights_sitenote_category":0,"_uf_show_specific_survey":0,"_uf_disable_surveys":false,"site-sidebar-layout":"default","site-content-layout":"default","ast-site-content-layout":"default","site-content-style":"default","site-sidebar-style":"default","ast-global-header-display":"","ast-banner-title-visibility":"","ast-main-header-display":"","ast-hfb-above-header-display":"","ast-hfb-below-header-display":"","ast-hfb-mobile-header-display":"","site-post-title":"","ast-breadcrumbs-content":"","ast-featured-img":"","footer-sml-layout":"","theme-transparent-header-meta":"default","adv-header-id-meta":"","stick-header-meta":"","header-above-stick-meta":"","header-main-stick-meta":"","header-below-stick-meta":"","astra-migrate-meta-layouts":"set","ast-page-background-enabled":"default","ast-page-background-meta":{"desktop":{"background-color":"","background-image":"","background-repeat":"repeat","background-position":"center center","background-size":"auto","background-attachment":"scroll","background-type":"","background-media":"","overlay-type":"","overlay-color":"","overlay-opacity":"","overlay-gradient":""},"tablet":{"background-color":"","background-image":"","background-repeat":"repeat","background-position":"center center","background-size":"auto","background-attachment":"scroll","background-type":"","background-media":"","overlay-type":"","overlay-color":"","overlay-opacity":"","overlay-gradient":""},"mobile":{"background-color":"","background-image":"","background-repeat":"repeat","background-position":"center center","background-size":"auto","background-attachment":"scroll","background-type":"","background-media":"","overlay-type":"","overlay-color":"","overlay-opacity":"","overlay-gradient":""}},"ast-content-background-meta":{"desktop":{"background-color":"var(--ast-global-color-5)","background-image":"","background-repeat":"repeat","background-position":"center center","background-size":"auto","background-attachment":"scroll","background-type":"","background-media":"","overlay-type":"","overlay-color":"","overlay-opacity":"","overlay-gradient":""},"tablet":{"background-color":"var(--ast-global-color-5)","background-image":"","background-repeat":"repeat","background-position":"center center","background-size":"auto","background-attachment":"scroll","background-type":"","background-media":"","overlay-type":"","overlay-color":"","overlay-opacity":"","overlay-gradient":""},"mobile":{"background-color":"var(--ast-global-color-5)","background-image":"","background-repeat":"repeat","background-position":"center center","background-size":"auto","background-attachment":"scroll","background-type":"","background-media":"","overlay-type":"","overlay-color":"","overlay-opacity":"","overlay-gradient":""}}},"product_cat":[46],"product_tag":[39],"class_list":{"0":"post-15594","1":"product","2":"type-product","3":"status-publish","4":"has-post-thumbnail","6":"product_cat-ferman-davetiye","7":"product_tag-ferman-davetiye","8":"desktop-align-left","9":"tablet-align-left","10":"mobile-align-left","12":"first","13":"instock","14":"purchasable","15":"product-type-variable"},"aioseo_notices":[],"jetpack_sharing_enabled":true,"_links":{"self":[{"href":"https:\/\/fondavetiye.com\/index.php\/wp-json\/wp\/v2\/product\/15594"}],"collection":[{"href":"https:\/\/fondavetiye.com\/index.php\/wp-json\/wp\/v2\/product"}],"about":[{"href":"https:\/\/fondavetiye.com\/index.php\/wp-json\/wp\/v2\/types\/product"}],"replies":[{"embeddable":true,"href":"https:\/\/fondavetiye.com\/index.php\/wp-json\/wp\/v2\/comments?post=15594"}],"wp:featuredmedia":[{"embeddable":true,"href":"https:\/\/fondavetiye.com\/index.php\/wp-json\/wp\/v2\/media\/15606"}],"wp:attachment":[{"href":"https:\/\/fondavetiye.com\/index.php\/wp-json\/wp\/v2\/media?parent=15594"}],"wp:term":[{"taxonomy":"product_cat","embeddable":true,"href":"https:\/\/fondavetiye.com\/index.php\/wp-json\/wp\/v2\/product_cat?post=15594"},{"taxonomy":"product_tag","embeddable":true,"href":"https:\/\/fondavetiye.com\/index.php\/wp-json\/wp\/v2\/product_tag?post=15594"}],"curies":[{"name":"wp","href":"https:\/\/api.w.org\/{rel}","templated":true}]}}