{"id":13659,"date":"2024-05-25T18:22:37","date_gmt":"2024-05-25T15:22:37","guid":{"rendered":"https:\/\/fondavetiye.com\/?post_type=product&#038;p=13659"},"modified":"2024-05-25T18:23:10","modified_gmt":"2024-05-25T15:23:10","slug":"fon156","status":"publish","type":"product","link":"https:\/\/fondavetiye.com\/index.php\/product\/fon156\/","title":{"rendered":"FON156"},"content":{"rendered":"<p>\u2714 Davetiye Ebat\u0131 \u201c14*14\u201d DIR.<br \/>\n\u2714 WHATSAPP Sipari\u015f:<br \/>\n\u2714 Bask\u0131 Dahil<br \/>\n\u2714 \u00dccretsiz Numunelerde Kargo \u00dccreti Al\u0131c\u0131ya aittir.<br \/>\n\u2714 Fatural\u0131 \u00dcr\u00fcn<br \/>\n\u2714%100 M\u00fc\u015fteri Memnuniyeti.<br \/>\n\u2714 \u00d6rnek Tasar\u0131m Whatsapp tan G\u00f6nderilir ve Onay\u0131n\u0131zdan sonra Bask\u0131 yap\u0131l\u0131r.<br \/>\n\u2714 Binlerce Modelimiz i\u00e7in bizi takipte kal\u0131n..<\/p>\n<p>\u2714 Teslimat S\u00fcresi 3-5 \u0130\u015f G\u00fcn\u00fc Aras\u0131ndad\u0131r.<\/p>\n<p>*Kare davetiyeni zarf rengi iste\u011fe g\u00f6re de\u011fi\u015ftirilir<\/p>\n<p>*Davetiyelerde kullan\u0131lan ka\u011f\u0131t ve bask\u0131 teknikleri nedeni ile olu\u015fabilecek ton farkl\u0131l\u0131klar\u0131 hata de\u011fildir.<\/p>\n<p>*Davetiye fiyatlar\u0131m\u0131z 200 adet i\u00e7in ge\u00e7erlidir.<\/p>\n<p>*Davetiye fiyat\u0131na\u00a0 davetiye aksesuarlar\u0131 ve zarf dahildir.<\/p>\n<p>*De\u011ferli m\u00fc\u015fterimiz l\u00fctfen sipari\u015finizi sipari\u015f ver butonundan veya online m\u00fc\u015fteri temsilcimizle g\u00f6r\u00fc\u015ferek olu\u015fturunuz.<\/p>\n<p>*Davetiye sipari\u015fleriniz de, davetiye bilgileriniz bize ula\u015ft\u0131ktan sonra bask\u0131 tasla\u011f\u0131 haz\u0131rlan\u0131r. Sizden bask\u0131 i\u00e7in onay al\u0131n\u0131r. Onay\u0131n\u0131z al\u0131nmadan kesinlikle bask\u0131 a\u015famas\u0131na ge\u00e7ilmez.<\/p>\n","protected":false},"excerpt":{"rendered":"<p>\u2022 Ka\u011f\u0131t: 230gr Amerikan Bristol (Kartpostal Ka\u011f\u0131d\u0131)<\/p>\n<p>\u2022 Ebat: 14 x 14<\/p>\n<p>\u2022 Zarf : 160 gr Kraft Ka\u011f\u0131t Boyama<\/p>\n<p>\u2022 Tokal\u0131 (Kilitlemeli) Zarf<\/p>\n<p style=\"text-align: center;\"><strong>200 Adet\u00a0<\/strong><strong><span style=\"color: #ff0000;\"> 1200\u20ba\u00a0<\/span> \u00a0 \u00a0\u00a0\u00a0\u00a0 \u00a0 600 Adet\u00a0\u00a0<span style=\"color: #ff0000;\">1600\u20ba<\/span><\/strong><\/p>\n<hr \/>\n<p style=\"text-align: center;\"><strong>300 Adet\u00a0 <span style=\"color: #ff0000;\">1300\u20ba<\/span>\u00a0 \u00a0 \u00a0\u00a0 \u00a0 \u00a0 700 Adet\u00a0\u00a0<span style=\"color: #ff0000;\">1700\u20ba<\/span><\/strong><\/p>\n<hr \/>\n<p style=\"text-align: center;\"><strong>400 Adet\u00a0 <span style=\"color: #ff0000;\">1400\u20ba\u00a0 \u00a0<\/span> \u00a0\u00a0 \u00a0 \u00a0 800 Adet\u00a0\u00a0<span style=\"color: #ff0000;\">1800\u20ba<\/span><\/strong><\/p>\n<hr \/>\n<p style=\"text-align: center;\"><strong>500 Adet\u00a0\u00a0<span style=\"color: #ff0000;\">1500\u20ba<\/span>\u00a0 \u00a0 \u00a0\u00a0 \u00a0 \u00a0900 Adet\u00a0\u00a0<span style=\"color: #ff0000;\">1900\u20ba<\/span><\/strong><\/p>\n<hr \/>\n<p style=\"text-align: center;\"><strong>1000 Adet\u00a0 <span style=\"color: #ff0000;\">2000\u20ba<\/span><\/strong><\/p>\n<p><strong>1.000 Adet Ve \u00dczeri Sipari\u015flerde\u00a0<span style=\"text-decoration: underline; color: #ff0000;\">\u00dccretsiz Kargo<\/span><\/strong><\/p>\n<p>&nbsp;<\/p>\n<p>&nbsp;<\/p>\n","protected":false},"featured_media":13669,"comment_status":"open","ping_status":"closed","template":"","meta":{"om_disable_all_campaigns":false,"_monsterinsights_skip_tracking":false,"_monsterinsights_sitenote_active":false,"_monsterinsights_sitenote_note":"","_monsterinsights_sitenote_category":0,"_uf_show_specific_survey":0,"_uf_disable_surveys":false,"site-sidebar-layout":"default","site-content-layout":"default","ast-site-content-layout":"default","site-content-style":"default","site-sidebar-style":"default","ast-global-header-display":"","ast-banner-title-visibility":"","ast-main-header-display":"","ast-hfb-above-header-display":"","ast-hfb-below-header-display":"","ast-hfb-mobile-header-display":"","site-post-title":"","ast-breadcrumbs-content":"","ast-featured-img":"","footer-sml-layout":"","theme-transparent-header-meta":"default","adv-header-id-meta":"","stick-header-meta":"","header-above-stick-meta":"","header-main-stick-meta":"","header-below-stick-meta":"","astra-migrate-meta-layouts":"set","ast-page-background-enabled":"default","ast-page-background-meta":{"desktop":{"background-color":"","background-image":"","background-repeat":"repeat","background-position":"center center","background-size":"auto","background-attachment":"scroll","background-type":"","background-media":"","overlay-type":"","overlay-color":"","overlay-opacity":"","overlay-gradient":""},"tablet":{"background-color":"","background-image":"","background-repeat":"repeat","background-position":"center center","background-size":"auto","background-attachment":"scroll","background-type":"","background-media":"","overlay-type":"","overlay-color":"","overlay-opacity":"","overlay-gradient":""},"mobile":{"background-color":"","background-image":"","background-repeat":"repeat","background-position":"center center","background-size":"auto","background-attachment":"scroll","background-type":"","background-media":"","overlay-type":"","overlay-color":"","overlay-opacity":"","overlay-gradient":""}},"ast-content-background-meta":{"desktop":{"background-color":"var(--ast-global-color-5)","background-image":"","background-repeat":"repeat","background-position":"center center","background-size":"auto","background-attachment":"scroll","background-type":"","background-media":"","overlay-type":"","overlay-color":"","overlay-opacity":"","overlay-gradient":""},"tablet":{"background-color":"var(--ast-global-color-5)","background-image":"","background-repeat":"repeat","background-position":"center center","background-size":"auto","background-attachment":"scroll","background-type":"","background-media":"","overlay-type":"","overlay-color":"","overlay-opacity":"","overlay-gradient":""},"mobile":{"background-color":"var(--ast-global-color-5)","background-image":"","background-repeat":"repeat","background-position":"center center","background-size":"auto","background-attachment":"scroll","background-type":"","background-media":"","overlay-type":"","overlay-color":"","overlay-opacity":"","overlay-gradient":""}}},"product_cat":[49,52],"product_tag":[42],"class_list":{"0":"post-13659","1":"product","2":"type-product","3":"status-publish","4":"has-post-thumbnail","6":"product_cat-kare-davetiye","7":"product_cat-yeni-model","8":"product_tag-kare-davetiye","9":"desktop-align-left","10":"tablet-align-left","11":"mobile-align-left","13":"first","14":"instock","15":"taxable","16":"shipping-taxable","17":"purchasable","18":"product-type-variable"},"aioseo_notices":[],"jetpack_sharing_enabled":true,"_links":{"self":[{"href":"https:\/\/fondavetiye.com\/index.php\/wp-json\/wp\/v2\/product\/13659"}],"collection":[{"href":"https:\/\/fondavetiye.com\/index.php\/wp-json\/wp\/v2\/product"}],"about":[{"href":"https:\/\/fondavetiye.com\/index.php\/wp-json\/wp\/v2\/types\/product"}],"replies":[{"embeddable":true,"href":"https:\/\/fondavetiye.com\/index.php\/wp-json\/wp\/v2\/comments?post=13659"}],"wp:featuredmedia":[{"embeddable":true,"href":"https:\/\/fondavetiye.com\/index.php\/wp-json\/wp\/v2\/media\/13669"}],"wp:attachment":[{"href":"https:\/\/fondavetiye.com\/index.php\/wp-json\/wp\/v2\/media?parent=13659"}],"wp:term":[{"taxonomy":"product_cat","embeddable":true,"href":"https:\/\/fondavetiye.com\/index.php\/wp-json\/wp\/v2\/product_cat?post=13659"},{"taxonomy":"product_tag","embeddable":true,"href":"https:\/\/fondavetiye.com\/index.php\/wp-json\/wp\/v2\/product_tag?post=13659"}],"curies":[{"name":"wp","href":"https:\/\/api.w.org\/{rel}","templated":true}]}}