{"id":1636,"date":"2023-05-27T16:05:20","date_gmt":"2023-05-27T13:05:20","guid":{"rendered":"https:\/\/fondavetiye.com\/?page_id=1636"},"modified":"2023-05-29T14:37:05","modified_gmt":"2023-05-29T11:37:05","slug":"guvenli-alisveris","status":"publish","type":"page","link":"https:\/\/fondavetiye.com\/index.php\/guvenli-alisveris\/","title":{"rendered":"G\u00fcvenli Ali\u015fveri\u015f"},"content":{"rendered":"\t\t<div data-elementor-type=\"wp-page\" data-elementor-id=\"1636\" class=\"elementor elementor-1636\">\n\t\t\t\t<div class=\"elementor-element elementor-element-b441734 e-flex e-con-boxed e-con e-parent\" data-id=\"b441734\" data-element_type=\"container\">\n\t\t\t\t\t<div class=\"e-con-inner\">\n\t\t\t\t<div class=\"elementor-element elementor-element-851f1d2 elementor-widget elementor-widget-heading\" data-id=\"851f1d2\" data-element_type=\"widget\" data-widget_type=\"heading.default\">\n\t\t\t\t<div class=\"elementor-widget-container\">\n\t\t\t<h2 class=\"elementor-heading-title elementor-size-default\"><span style=\"font-family: Poppins, Arial, Helvetica, sans-serif;font-size: 36px\">G\u00fcvenli Al\u0131\u015fveri\u015f<\/span><br><ul style=\"margin-bottom: 0px;margin-left: 0px;padding-left: var(--li-pl);font-style: normal;font-weight: 400;line-height: inherit;font-family: Lato, Arial, Helvetica, sans-serif;font-size: 15.4px;--list-mb: 20px;--li-mb: 10px;--li-pl: 17px;text-align: start\"><li style=\"margin-bottom: var(--li-mb);font-variant: inherit;line-height: inherit;font-family: inherit;font-size: 15.4px\">SSL, server ile al\u0131c\u0131 ileti\u015fimi esnas\u0131nda verilerin \u015fifrelenerek yap\u0131lmas\u0131 i\u015flemidir. Ki\u015fisel verileriniz, gurbetcimarket.com da SSL 2048 bit ile korunmaktad\u0131r.<\/li><li style=\"margin-bottom: var(--li-mb);font-variant: inherit;line-height: inherit;font-family: inherit;font-size: 15.4px\">\u00d6deme se\u00e7eneklerinde 3D Secure kullanmay\u0131 tercih edebilirsiniz.<br style=\"margin-bottom: 0px\">Bu yolla \u015fifrelenmi\u015f bir ba\u011flant\u0131 kurulur ve \u00fc\u00e7\u00fcnc\u00fc ki\u015filer bu \u015fifreli bilgiyi edinemezler.<\/li><li style=\"margin-bottom: var(--li-mb);font-variant: inherit;line-height: inherit;font-family: inherit;font-size: 15.4px\">www.Fondavetiye.com hi\u00e7bir ki\u015fisel verinizi 3. \u015fah\u0131slarla payla\u015fmamaktad\u0131r.<br style=\"margin-bottom: 0px\">\u00dcyelik bilgilerinize 3. \u015fah\u0131slar\u0131n ula\u015fmas\u0131 ve de\u011fi\u015ftirmesi m\u00fcmk\u00fcn de\u011fildir.<\/li><li style=\"font-variant: inherit;line-height: inherit;font-family: inherit;font-size: 15.4px\">\u00dcr\u00fcnlerimiz ile ilgili sorular\u0131n\u0131z i\u00e7in canl\u0131 destek ve telefon hatt\u0131m\u0131zdan,<br style=\"margin-bottom: 0px\">ileti\u015fim formumuzdan bize 08:00 \u2013 18:00 saatleri aras\u0131nda ula\u015fabilir ve sorular\u0131n\u0131za cevap bulabilirsiniz.<\/li><\/ul><\/h2>\t\t<\/div>\n\t\t\t\t<\/div>\n\t\t\t\t\t<\/div>\n\t\t\t\t<\/div>\n\t\t\t\t<\/div>\n\t\t","protected":false},"excerpt":{"rendered":"<p>G\u00fcvenli Al\u0131\u015fveri\u015f SSL, server ile al\u0131c\u0131 ileti\u015fimi esnas\u0131nda verilerin \u015fifrelenerek yap\u0131lmas\u0131 i\u015flemidir. Ki\u015fisel verileriniz, gurbetcimarket.com da SSL 2048 bit ile korunmaktad\u0131r. \u00d6deme se\u00e7eneklerinde 3D Secure kullanmay\u0131 tercih edebilirsiniz.Bu yolla \u015fifrelenmi\u015f bir ba\u011flant\u0131 kurulur ve \u00fc\u00e7\u00fcnc\u00fc ki\u015filer bu \u015fifreli bilgiyi edinemezler. www.Fondavetiye.com hi\u00e7bir ki\u015fisel verinizi 3. \u015fah\u0131slarla payla\u015fmamaktad\u0131r.\u00dcyelik bilgilerinize 3. \u015fah\u0131slar\u0131n ula\u015fmas\u0131 ve de\u011fi\u015ftirmesi m\u00fcmk\u00fcn de\u011fildir. [&hellip;]<\/p>\n","protected":false},"author":1,"featured_media":0,"parent":0,"menu_order":0,"comment_status":"closed","ping_status":"closed","template":"elementor_header_footer","meta":{"om_disable_all_campaigns":false,"_monsterinsights_skip_tracking":false,"_monsterinsights_sitenote_active":false,"_monsterinsights_sitenote_note":"","_monsterinsights_sitenote_category":0,"_uf_show_specific_survey":0,"_uf_disable_surveys":false,"site-sidebar-layout":"no-sidebar","site-content-layout":"page-builder","ast-site-content-layout":"","site-content-style":"default","site-sidebar-style":"default","ast-global-header-display":"","ast-banner-title-visibility":"","ast-main-header-display":"","ast-hfb-above-header-display":"","ast-hfb-below-header-display":"","ast-hfb-mobile-header-display":"","site-post-title":"disabled","ast-breadcrumbs-content":"","ast-featured-img":"disabled","footer-sml-layout":"","theme-transparent-header-meta":"","adv-header-id-meta":"","stick-header-meta":"","header-above-stick-meta":"","header-main-stick-meta":"","header-below-stick-meta":"","astra-migrate-meta-layouts":"default","ast-page-background-enabled":"default","ast-page-background-meta":{"desktop":{"background-color":"","background-image":"","background-repeat":"repeat","background-position":"center center","background-size":"auto","background-attachment":"scroll","background-type":"","background-media":"","overlay-type":"","overlay-color":"","overlay-opacity":"","overlay-gradient":""},"tablet":{"background-color":"","background-image":"","background-repeat":"repeat","background-position":"center center","background-size":"auto","background-attachment":"scroll","background-type":"","background-media":"","overlay-type":"","overlay-color":"","overlay-opacity":"","overlay-gradient":""},"mobile":{"background-color":"","background-image":"","background-repeat":"repeat","background-position":"center center","background-size":"auto","background-attachment":"scroll","background-type":"","background-media":"","overlay-type":"","overlay-color":"","overlay-opacity":"","overlay-gradient":""}},"ast-content-background-meta":{"desktop":{"background-color":"var(--ast-global-color-5)","background-image":"","background-repeat":"repeat","background-position":"center center","background-size":"auto","background-attachment":"scroll","background-type":"","background-media":"","overlay-type":"","overlay-color":"","overlay-opacity":"","overlay-gradient":""},"tablet":{"background-color":"var(--ast-global-color-5)","background-image":"","background-repeat":"repeat","background-position":"center center","background-size":"auto","background-attachment":"scroll","background-type":"","background-media":"","overlay-type":"","overlay-color":"","overlay-opacity":"","overlay-gradient":""},"mobile":{"background-color":"var(--ast-global-color-5)","background-image":"","background-repeat":"repeat","background-position":"center center","background-size":"auto","background-attachment":"scroll","background-type":"","background-media":"","overlay-type":"","overlay-color":"","overlay-opacity":"","overlay-gradient":""}},"footnotes":""},"class_list":["post-1636","page","type-page","status-publish","hentry"],"aioseo_notices":[],"jetpack_sharing_enabled":true,"_links":{"self":[{"href":"https:\/\/fondavetiye.com\/index.php\/wp-json\/wp\/v2\/pages\/1636"}],"collection":[{"href":"https:\/\/fondavetiye.com\/index.php\/wp-json\/wp\/v2\/pages"}],"about":[{"href":"https:\/\/fondavetiye.com\/index.php\/wp-json\/wp\/v2\/types\/page"}],"author":[{"embeddable":true,"href":"https:\/\/fondavetiye.com\/index.php\/wp-json\/wp\/v2\/users\/1"}],"replies":[{"embeddable":true,"href":"https:\/\/fondavetiye.com\/index.php\/wp-json\/wp\/v2\/comments?post=1636"}],"version-history":[{"count":10,"href":"https:\/\/fondavetiye.com\/index.php\/wp-json\/wp\/v2\/pages\/1636\/revisions"}],"predecessor-version":[{"id":1710,"href":"https:\/\/fondavetiye.com\/index.php\/wp-json\/wp\/v2\/pages\/1636\/revisions\/1710"}],"wp:attachment":[{"href":"https:\/\/fondavetiye.com\/index.php\/wp-json\/wp\/v2\/media?parent=1636"}],"curies":[{"name":"wp","href":"https:\/\/api.w.org\/{rel}","templated":true}]}}